{"id":1575,"date":"2024-03-07T05:04:33","date_gmt":"2024-03-07T05:04:33","guid":{"rendered":"https:\/\/innovateculturalhub.com\/?page_id=1575"},"modified":"2025-01-30T05:35:01","modified_gmt":"2025-01-30T05:35:01","slug":"desarrollo-de-negocios-y-estrategia-empresarial","status":"publish","type":"page","link":"https:\/\/innovateculturalhub.com\/?page_id=1575","title":{"rendered":"Norteam\u00e9rica y Europa Occidental"},"content":{"rendered":"\t\t<div data-elementor-type=\"wp-page\" data-elementor-id=\"1575\" class=\"elementor elementor-1575\">\n\t\t\t\t<div class=\"elementor-element elementor-element-9a30e6b e-flex e-con-boxed e-con e-parent\" data-id=\"9a30e6b\" data-element_type=\"container\" data-e-type=\"container\">\n\t\t\t\t\t<div class=\"e-con-inner\">\n\t\t\t\t<div class=\"elementor-element elementor-element-c37bcf0 elementor-widget__width-initial elementor-widget-mobile__width-initial elementor-widget-tablet_extra__width-initial elementor-widget-mobile_extra__width-initial elementor-widget elementor-widget-text-editor\" data-id=\"c37bcf0\" data-element_type=\"widget\" data-e-type=\"widget\" data-widget_type=\"text-editor.default\">\n\t\t\t\t<div class=\"elementor-widget-container\">\n\t\t\t\t\t\t\t\t\t<p><strong>Dise\u00f1o de Ecosistemas Personalizados<\/strong><\/p><ul><li><p>Estrategias adaptativas para organizaciones e individuos<\/p><\/li><li><p>Soluciones a medida que conectan paisajes culturales y tecnol\u00f3gicos<\/p><\/li><li><p>Enfoque hol\u00edstico para la identificaci\u00f3n de oportunidades<\/p><\/li><\/ul><p><strong>Estrategias de Innovaci\u00f3n Intercultural<\/strong><\/p><ul><li><p>Desarrollo de metodolog\u00edas flexibles y sensibles al contexto<\/p><\/li><li><p>Promoci\u00f3n de la transformaci\u00f3n digital inclusiva<\/p><\/li><\/ul>\t\t\t\t\t\t\t\t<\/div>\n\t\t\t\t<\/div>\n\t\t\t\t\t<\/div>\n\t\t\t\t<\/div>\n\t\t<div class=\"elementor-element elementor-element-1779889c e-con-full e-flex e-con e-parent\" data-id=\"1779889c\" data-element_type=\"container\" data-e-type=\"container\">\n\t\t\t\t<div class=\"elementor-element elementor-element-26b37f70 elementor-widget elementor-widget-n-accordion\" data-id=\"26b37f70\" data-element_type=\"widget\" data-e-type=\"widget\" data-settings=\"{&quot;default_state&quot;:&quot;all_collapsed&quot;,&quot;max_items_expended&quot;:&quot;one&quot;,&quot;n_accordion_animation_duration&quot;:{&quot;unit&quot;:&quot;ms&quot;,&quot;size&quot;:400,&quot;sizes&quot;:[]}}\" data-widget_type=\"nested-accordion.default\">\n\t\t\t\t<div class=\"elementor-widget-container\">\n\t\t\t\t\t\t\t<div class=\"e-n-accordion\" aria-label=\"Accordion. Open links with Enter or Space, close with Escape, and navigate with Arrow Keys\">\n\t\t\t\t\t\t<details id=\"e-n-accordion-item-6490\" class=\"e-n-accordion-item\" >\n\t\t\t\t<summary class=\"e-n-accordion-item-title\" data-accordion-index=\"1\" tabindex=\"0\" aria-expanded=\"false\" aria-controls=\"e-n-accordion-item-6490\" >\n\t\t\t\t\t<span class='e-n-accordion-item-title-header'><div class=\"e-n-accordion-item-title-text\"> \u00bfCu\u00e1les son las diferencias clave entre el Dise\u00f1o de Ecosistemas Personalizados y las Estrategias de Innovaci\u00f3n Intercultural? <\/div><\/span>\n\t\t\t\t\t\t\t<span class='e-n-accordion-item-title-icon'>\n\t\t\t<span class='e-opened' ><svg aria-hidden=\"true\" class=\"e-font-icon-svg e-fas-minus\" viewBox=\"0 0 448 512\" xmlns=\"http:\/\/www.w3.org\/2000\/svg\"><path d=\"M416 208H32c-17.67 0-32 14.33-32 32v32c0 17.67 14.33 32 32 32h384c17.67 0 32-14.33 32-32v-32c0-17.67-14.33-32-32-32z\"><\/path><\/svg><\/span>\n\t\t\t<span class='e-closed'><svg aria-hidden=\"true\" class=\"e-font-icon-svg e-fas-plus\" viewBox=\"0 0 448 512\" xmlns=\"http:\/\/www.w3.org\/2000\/svg\"><path d=\"M416 208H272V64c0-17.67-14.33-32-32-32h-32c-17.67 0-32 14.33-32 32v144H32c-17.67 0-32 14.33-32 32v32c0 17.67 14.33 32 32 32h144v144c0 17.67 14.33 32 32 32h32c17.67 0 32-14.33 32-32V304h144c17.67 0 32-14.33 32-32v-32c0-17.67-14.33-32-32-32z\"><\/path><\/svg><\/span>\n\t\t<\/span>\n\n\t\t\t\t\t\t<\/summary>\n\t\t\t\t<div role=\"region\" aria-labelledby=\"e-n-accordion-item-6490\" class=\"elementor-element elementor-element-426f362e e-con-full e-flex e-con e-child\" data-id=\"426f362e\" data-element_type=\"container\" data-e-type=\"container\">\n\t\t\t\t<div class=\"elementor-element elementor-element-1822c0d4 elementor-widget__width-initial elementor-widget elementor-widget-text-editor\" data-id=\"1822c0d4\" data-element_type=\"widget\" data-e-type=\"widget\" data-widget_type=\"text-editor.default\">\n\t\t\t\t<div class=\"elementor-widget-container\">\n\t\t\t\t\t\t\t\t\t<p>Dise\u00f1o de Ecosistemas Personalizados<\/p><ul><li><p>Qu\u00e9 hace: Crea marcos estrat\u00e9gicos personalizados.<\/p><\/li><li><p>Enfoque: Toda la estructura y estrategia organizacional.<\/p><\/li><li><p>Enfoque metodol\u00f3gico: Dise\u00f1o integral de soluciones de principio a fin.<\/p><\/li><li><p>Objetivo: Construir un ecosistema organizacional completo y adaptable.<\/p><\/li><\/ul><p>Estrategias de Innovaci\u00f3n Intercultural<\/p><ul><li><p>Qu\u00e9 hace: Desarrolla enfoques de innovaci\u00f3n que trascienden fronteras culturales.<\/p><\/li><li><p>Enfoque: Integraci\u00f3n de conocimientos culturales y adaptaci\u00f3n tecnol\u00f3gica.<\/p><\/li><li><p>Enfoque metodol\u00f3gico: Metodolog\u00edas espec\u00edficas para la innovaci\u00f3n intercultural.<\/p><\/li><li><p>Objetivo: Facilitar la innovaci\u00f3n efectiva en diferentes contextos culturales.<\/p><\/li><\/ul><p>\u2248 Analog\u00eda simple<\/p><ul><li><p>Dise\u00f1o de Ecosistemas Personalizados = Construir toda la casa.<\/p><\/li><li><p>Estrategias de Innovaci\u00f3n Intercultural = Dise\u00f1ar habitaciones espec\u00edficas para adaptarse a diferentes preferencias culturales.<\/p><\/li><\/ul><p>\u2260 Diferencia pr\u00e1ctica<\/p><ul><li><p>Dise\u00f1o de Ecosistemas: Nivel macro, transformaci\u00f3n organizacional total.<\/p><\/li><li><p>Estrategias de Innovaci\u00f3n: Nivel micro, centrado en procesos de innovaci\u00f3n y traducci\u00f3n cultural.<\/p><\/li><\/ul><p>=&gt; Cu\u00e1ndo usar<\/p><ul><li><p>Dise\u00f1o de Ecosistemas: Para reestructuraciones organizacionales importantes.<\/p><\/li><li><p>Estrategias de Innovaci\u00f3n: Para abordar desaf\u00edos espec\u00edficos de innovaci\u00f3n en entornos multiculturales.<\/p><\/li><\/ul>\t\t\t\t\t\t\t\t<\/div>\n\t\t\t\t<\/div>\n\t\t\t\t<\/div>\n\t\t\t\t\t<\/details>\n\t\t\t\t\t\t<details id=\"e-n-accordion-item-6491\" class=\"e-n-accordion-item\" >\n\t\t\t\t<summary class=\"e-n-accordion-item-title\" data-accordion-index=\"2\" tabindex=\"-1\" aria-expanded=\"false\" aria-controls=\"e-n-accordion-item-6491\" >\n\t\t\t\t\t<span class='e-n-accordion-item-title-header'><div class=\"e-n-accordion-item-title-text\"> Precios <\/div><\/span>\n\t\t\t\t\t\t\t<span class='e-n-accordion-item-title-icon'>\n\t\t\t<span class='e-opened' ><svg aria-hidden=\"true\" class=\"e-font-icon-svg e-fas-minus\" viewBox=\"0 0 448 512\" xmlns=\"http:\/\/www.w3.org\/2000\/svg\"><path d=\"M416 208H32c-17.67 0-32 14.33-32 32v32c0 17.67 14.33 32 32 32h384c17.67 0 32-14.33 32-32v-32c0-17.67-14.33-32-32-32z\"><\/path><\/svg><\/span>\n\t\t\t<span class='e-closed'><svg aria-hidden=\"true\" class=\"e-font-icon-svg e-fas-plus\" viewBox=\"0 0 448 512\" xmlns=\"http:\/\/www.w3.org\/2000\/svg\"><path d=\"M416 208H272V64c0-17.67-14.33-32-32-32h-32c-17.67 0-32 14.33-32 32v144H32c-17.67 0-32 14.33-32 32v32c0 17.67 14.33 32 32 32h144v144c0 17.67 14.33 32 32 32h32c17.67 0 32-14.33 32-32V304h144c17.67 0 32-14.33 32-32v-32c0-17.67-14.33-32-32-32z\"><\/path><\/svg><\/span>\n\t\t<\/span>\n\n\t\t\t\t\t\t<\/summary>\n\t\t\t\t<div role=\"region\" aria-labelledby=\"e-n-accordion-item-6491\" class=\"elementor-element elementor-element-1812f86e e-con-full e-flex e-con e-child\" data-id=\"1812f86e\" data-element_type=\"container\" data-e-type=\"container\">\n\t\t\t\t<div class=\"elementor-element elementor-element-9b86b27 elementor-widget elementor-widget-text-editor\" data-id=\"9b86b27\" data-element_type=\"widget\" data-e-type=\"widget\" data-widget_type=\"text-editor.default\">\n\t\t\t\t<div class=\"elementor-widget-container\">\n\t\t\t\t\t\t\t\t\t<p>\u2709\ufe0f Los precios se ajustan a las necesidades espec\u00edficas de cada caso. Para ONGs, por favor cont\u00e1ctenos para m\u00e1s informaci\u00f3n sobre nuestras opciones de apoyo.<\/p>\t\t\t\t\t\t\t\t<\/div>\n\t\t\t\t<\/div>\n\t\t\t\t<\/div>\n\t\t\t\t\t<\/details>\n\t\t\t\t\t<\/div>\n\t\t\t\t\t\t<\/div>\n\t\t\t\t<\/div>\n\t\t\t\t<\/div>\n\t\t\t\t<\/div>\n\t\t","protected":false},"excerpt":{"rendered":"<p>Dise\u00f1o de Ecosistemas Personalizados Estrategias adaptativas para organizaciones e individuos Soluciones a medida que conectan paisajes culturales y tecnol\u00f3gicos Enfoque hol\u00edstico para la identificaci\u00f3n de oportunidades Estrategias de Innovaci\u00f3n Intercultural Desarrollo de metodolog\u00edas flexibles y sensibles al contexto Promoci\u00f3n de la transformaci\u00f3n digital inclusiva \u00bfCu\u00e1les son las diferencias clave entre el Dise\u00f1o de Ecosistemas Personalizados&#8230;<\/p>\n","protected":false},"author":1,"featured_media":0,"parent":0,"menu_order":0,"comment_status":"closed","ping_status":"closed","template":"","meta":{"footnotes":""},"class_list":["post-1575","page","type-page","status-publish","hentry"],"_links":{"self":[{"href":"https:\/\/innovateculturalhub.com\/index.php?rest_route=\/wp\/v2\/pages\/1575","targetHints":{"allow":["GET"]}}],"collection":[{"href":"https:\/\/innovateculturalhub.com\/index.php?rest_route=\/wp\/v2\/pages"}],"about":[{"href":"https:\/\/innovateculturalhub.com\/index.php?rest_route=\/wp\/v2\/types\/page"}],"author":[{"embeddable":true,"href":"https:\/\/innovateculturalhub.com\/index.php?rest_route=\/wp\/v2\/users\/1"}],"replies":[{"embeddable":true,"href":"https:\/\/innovateculturalhub.com\/index.php?rest_route=%2Fwp%2Fv2%2Fcomments&post=1575"}],"version-history":[{"count":115,"href":"https:\/\/innovateculturalhub.com\/index.php?rest_route=\/wp\/v2\/pages\/1575\/revisions"}],"predecessor-version":[{"id":4435,"href":"https:\/\/innovateculturalhub.com\/index.php?rest_route=\/wp\/v2\/pages\/1575\/revisions\/4435"}],"wp:attachment":[{"href":"https:\/\/innovateculturalhub.com\/index.php?rest_route=%2Fwp%2Fv2%2Fmedia&parent=1575"}],"curies":[{"name":"wp","href":"https:\/\/api.w.org\/{rel}","templated":true}]}}