{"id":1580,"date":"2024-03-07T05:10:03","date_gmt":"2024-03-07T05:10:03","guid":{"rendered":"https:\/\/innovateculturalhub.com\/?page_id=1580"},"modified":"2025-01-30T05:33:52","modified_gmt":"2025-01-30T05:33:52","slug":"geschaftsentwicklung-und-strategie","status":"publish","type":"page","link":"https:\/\/innovateculturalhub.com\/?page_id=1580","title":{"rendered":"Entwicklung in Nordamerika und Westeuropa"},"content":{"rendered":"\t\t<div data-elementor-type=\"wp-page\" data-elementor-id=\"1580\" class=\"elementor elementor-1580\">\n\t\t\t\t<div class=\"elementor-element elementor-element-9a30e6b e-flex e-con-boxed e-con e-parent\" data-id=\"9a30e6b\" data-element_type=\"container\" data-e-type=\"container\">\n\t\t\t\t\t<div class=\"e-con-inner\">\n\t\t\t\t<div class=\"elementor-element elementor-element-c37bcf0 elementor-widget__width-initial elementor-widget-mobile__width-initial elementor-widget-tablet_extra__width-initial elementor-widget-tablet__width-initial elementor-widget-mobile_extra__width-initial elementor-widget elementor-widget-text-editor\" data-id=\"c37bcf0\" data-element_type=\"widget\" data-e-type=\"widget\" data-widget_type=\"text-editor.default\">\n\t\t\t\t<div class=\"elementor-widget-container\">\n\t\t\t\t\t\t\t\t\t<p><strong>Personalisierte \u00d6kosystemgestaltung<\/strong><\/p><ul><li><p>Anpassungsf\u00e4hige Strategien f\u00fcr Organisationen und Einzelpersonen<\/p><\/li><li><p>Ma\u00dfgeschneiderte L\u00f6sungen, die kulturelle und technologische Landschaften verbinden<\/p><\/li><li><p>Ganzheitlicher Ansatz zur Identifikation von Chancen<\/p><\/li><\/ul><p><strong>Interkulturelle Innovationsstrategien<\/strong><\/p><ul><li><p>Entwicklung flexibler, kontextsensitiver Methoden<\/p><\/li><li><p>F\u00f6rderung einer inklusiven digitalen Transformation<\/p><\/li><\/ul>\t\t\t\t\t\t\t\t<\/div>\n\t\t\t\t<\/div>\n\t\t\t\t\t<\/div>\n\t\t\t\t<\/div>\n\t\t<div class=\"elementor-element elementor-element-5061e06c e-con-full e-flex e-con e-parent\" data-id=\"5061e06c\" data-element_type=\"container\" data-e-type=\"container\">\n\t\t\t\t<div class=\"elementor-element elementor-element-419b281b elementor-widget elementor-widget-n-accordion\" data-id=\"419b281b\" data-element_type=\"widget\" data-e-type=\"widget\" data-settings=\"{&quot;default_state&quot;:&quot;all_collapsed&quot;,&quot;max_items_expended&quot;:&quot;one&quot;,&quot;n_accordion_animation_duration&quot;:{&quot;unit&quot;:&quot;ms&quot;,&quot;size&quot;:400,&quot;sizes&quot;:[]}}\" data-widget_type=\"nested-accordion.default\">\n\t\t\t\t<div class=\"elementor-widget-container\">\n\t\t\t\t\t\t\t<div class=\"e-n-accordion\" aria-label=\"Accordion. Open links with Enter or Space, close with Escape, and navigate with Arrow Keys\">\n\t\t\t\t\t\t<details id=\"e-n-accordion-item-1100\" class=\"e-n-accordion-item\" >\n\t\t\t\t<summary class=\"e-n-accordion-item-title\" data-accordion-index=\"1\" tabindex=\"0\" aria-expanded=\"false\" aria-controls=\"e-n-accordion-item-1100\" >\n\t\t\t\t\t<span class='e-n-accordion-item-title-header'><div class=\"e-n-accordion-item-title-text\"> Was sind die wesentlichen Unterschiede zwischen der personalisierten \u00d6kosystemgestaltung und den interkulturellen Innovationsstrategien? <\/div><\/span>\n\t\t\t\t\t\t\t<span class='e-n-accordion-item-title-icon'>\n\t\t\t<span class='e-opened' ><svg aria-hidden=\"true\" class=\"e-font-icon-svg e-fas-minus\" viewBox=\"0 0 448 512\" xmlns=\"http:\/\/www.w3.org\/2000\/svg\"><path d=\"M416 208H32c-17.67 0-32 14.33-32 32v32c0 17.67 14.33 32 32 32h384c17.67 0 32-14.33 32-32v-32c0-17.67-14.33-32-32-32z\"><\/path><\/svg><\/span>\n\t\t\t<span class='e-closed'><svg aria-hidden=\"true\" class=\"e-font-icon-svg e-fas-plus\" viewBox=\"0 0 448 512\" xmlns=\"http:\/\/www.w3.org\/2000\/svg\"><path d=\"M416 208H272V64c0-17.67-14.33-32-32-32h-32c-17.67 0-32 14.33-32 32v144H32c-17.67 0-32 14.33-32 32v32c0 17.67 14.33 32 32 32h144v144c0 17.67 14.33 32 32 32h32c17.67 0 32-14.33 32-32V304h144c17.67 0 32-14.33 32-32v-32c0-17.67-14.33-32-32-32z\"><\/path><\/svg><\/span>\n\t\t<\/span>\n\n\t\t\t\t\t\t<\/summary>\n\t\t\t\t<div role=\"region\" aria-labelledby=\"e-n-accordion-item-1100\" class=\"elementor-element elementor-element-cfd53c5 e-con-full e-flex e-con e-child\" data-id=\"cfd53c5\" data-element_type=\"container\" data-e-type=\"container\">\n\t\t\t\t<div class=\"elementor-element elementor-element-1f9ad62a elementor-widget elementor-widget-text-editor\" data-id=\"1f9ad62a\" data-element_type=\"widget\" data-e-type=\"widget\" data-widget_type=\"text-editor.default\">\n\t\t\t\t<div class=\"elementor-widget-container\">\n\t\t\t\t\t\t\t\t\t<p>Personalisierte \u00d6kosystemgestaltung<\/p><ul><li><p>Was es tut: Erstellt ma\u00dfgeschneiderte strategische Rahmenwerke<\/p><\/li><li><p>Fokus: Ganze organisatorische Struktur und Strategie<\/p><\/li><li><p>Ansatz: Umfassendes, end-to-end L\u00f6sungskonzept<\/p><\/li><li><p>Ziel: Aufbau eines vollst\u00e4ndigen, anpassungsf\u00e4higen organisatorischen \u00d6kosystems<\/p><\/li><\/ul><p>Interkulturelle Innovationsstrategien<\/p><ul><li><p>Was es tut: Entwickelt Innovationsans\u00e4tze \u00fcber kulturelle Grenzen hinweg<\/p><\/li><li><p>Fokus: Integration von kulturellem Wissen und technologische Anpassung<\/p><\/li><li><p>Ansatz: Spezifische Methoden f\u00fcr interkulturelle Innovation<\/p><\/li><li><p>Ziel: Erm\u00f6glicht effektive Innovation in verschiedenen kulturellen Kontexten<\/p><\/li><\/ul><p>\u2248 Einfache Analogie<\/p><ul><li><p>Personalisierte \u00d6kosystemgestaltung = Das gesamte Haus bauen<\/p><\/li><li><p>Interkulturelle Innovationsstrategien = Bestimmte Zimmer entwerfen, um verschiedene kulturelle Vorlieben zu ber\u00fccksichtigen<\/p><\/li><\/ul><p>\u2260 Praktische Unterschiede<\/p><ul><li><p>Ecosystem Design: Makro-Ebene, totale organisatorische Transformation<\/p><\/li><li><p>Innovationsstrategien: Mikro-Ebene, fokussiert auf Innovationsprozesse und kulturelle \u00dcbersetzung<\/p><\/li><\/ul><p>=&gt; Wann zu verwenden<\/p><ul><li><p>Ecosystem Design: Gro\u00dfe organisatorische Umstrukturierung<\/p><\/li><li><p>Innovationsstrategien: Spezifische Innovationsherausforderungen in multikulturellen Umfeldern<\/p><\/li><\/ul>\t\t\t\t\t\t\t\t<\/div>\n\t\t\t\t<\/div>\n\t\t\t\t<\/div>\n\t\t\t\t\t<\/details>\n\t\t\t\t\t\t<details id=\"e-n-accordion-item-1101\" class=\"e-n-accordion-item\" >\n\t\t\t\t<summary class=\"e-n-accordion-item-title\" data-accordion-index=\"2\" tabindex=\"-1\" aria-expanded=\"false\" aria-controls=\"e-n-accordion-item-1101\" >\n\t\t\t\t\t<span class='e-n-accordion-item-title-header'><div class=\"e-n-accordion-item-title-text\"> Preise <\/div><\/span>\n\t\t\t\t\t\t\t<span class='e-n-accordion-item-title-icon'>\n\t\t\t<span class='e-opened' ><svg aria-hidden=\"true\" class=\"e-font-icon-svg e-fas-minus\" viewBox=\"0 0 448 512\" xmlns=\"http:\/\/www.w3.org\/2000\/svg\"><path d=\"M416 208H32c-17.67 0-32 14.33-32 32v32c0 17.67 14.33 32 32 32h384c17.67 0 32-14.33 32-32v-32c0-17.67-14.33-32-32-32z\"><\/path><\/svg><\/span>\n\t\t\t<span class='e-closed'><svg aria-hidden=\"true\" class=\"e-font-icon-svg e-fas-plus\" viewBox=\"0 0 448 512\" xmlns=\"http:\/\/www.w3.org\/2000\/svg\"><path d=\"M416 208H272V64c0-17.67-14.33-32-32-32h-32c-17.67 0-32 14.33-32 32v144H32c-17.67 0-32 14.33-32 32v32c0 17.67 14.33 32 32 32h144v144c0 17.67 14.33 32 32 32h32c17.67 0 32-14.33 32-32V304h144c17.67 0 32-14.33 32-32v-32c0-17.67-14.33-32-32-32z\"><\/path><\/svg><\/span>\n\t\t<\/span>\n\n\t\t\t\t\t\t<\/summary>\n\t\t\t\t<div role=\"region\" aria-labelledby=\"e-n-accordion-item-1101\" class=\"elementor-element elementor-element-3e0e4ed3 e-con-full e-flex e-con e-child\" data-id=\"3e0e4ed3\" data-element_type=\"container\" data-e-type=\"container\">\n\t\t\t\t<div class=\"elementor-element elementor-element-43d81ae4 elementor-widget elementor-widget-text-editor\" data-id=\"43d81ae4\" data-element_type=\"widget\" data-e-type=\"widget\" data-widget_type=\"text-editor.default\">\n\t\t\t\t<div class=\"elementor-widget-container\">\n\t\t\t\t\t\t\t\t\t<p>\u2709\ufe0f\u00a0 Die Preise werden an die spezifischen Bed\u00fcrfnisse jedes Falls angepasst. F\u00fcr NGOs kontaktieren Sie uns bitte f\u00fcr weitere Informationen zu unseren Unterst\u00fctzungsoptionen.<\/p>\t\t\t\t\t\t\t\t<\/div>\n\t\t\t\t<\/div>\n\t\t\t\t<\/div>\n\t\t\t\t\t<\/details>\n\t\t\t\t\t<\/div>\n\t\t\t\t\t\t<\/div>\n\t\t\t\t<\/div>\n\t\t\t\t<\/div>\n\t\t\t\t<\/div>\n\t\t","protected":false},"excerpt":{"rendered":"<p>Personalisierte \u00d6kosystemgestaltung Anpassungsf\u00e4hige Strategien f\u00fcr Organisationen und Einzelpersonen Ma\u00dfgeschneiderte L\u00f6sungen, die kulturelle und technologische Landschaften verbinden Ganzheitlicher Ansatz zur Identifikation von Chancen Interkulturelle Innovationsstrategien Entwicklung flexibler, kontextsensitiver Methoden F\u00f6rderung einer inklusiven digitalen Transformation Was sind die wesentlichen Unterschiede zwischen der personalisierten \u00d6kosystemgestaltung und den interkulturellen Innovationsstrategien? Personalisierte \u00d6kosystemgestaltung Was es tut: Erstellt ma\u00dfgeschneiderte strategische Rahmenwerke&#8230;<\/p>\n","protected":false},"author":1,"featured_media":0,"parent":0,"menu_order":0,"comment_status":"closed","ping_status":"closed","template":"","meta":{"footnotes":""},"class_list":["post-1580","page","type-page","status-publish","hentry"],"_links":{"self":[{"href":"https:\/\/innovateculturalhub.com\/index.php?rest_route=\/wp\/v2\/pages\/1580","targetHints":{"allow":["GET"]}}],"collection":[{"href":"https:\/\/innovateculturalhub.com\/index.php?rest_route=\/wp\/v2\/pages"}],"about":[{"href":"https:\/\/innovateculturalhub.com\/index.php?rest_route=\/wp\/v2\/types\/page"}],"author":[{"embeddable":true,"href":"https:\/\/innovateculturalhub.com\/index.php?rest_route=\/wp\/v2\/users\/1"}],"replies":[{"embeddable":true,"href":"https:\/\/innovateculturalhub.com\/index.php?rest_route=%2Fwp%2Fv2%2Fcomments&post=1580"}],"version-history":[{"count":115,"href":"https:\/\/innovateculturalhub.com\/index.php?rest_route=\/wp\/v2\/pages\/1580\/revisions"}],"predecessor-version":[{"id":4426,"href":"https:\/\/innovateculturalhub.com\/index.php?rest_route=\/wp\/v2\/pages\/1580\/revisions\/4426"}],"wp:attachment":[{"href":"https:\/\/innovateculturalhub.com\/index.php?rest_route=%2Fwp%2Fv2%2Fmedia&parent=1580"}],"curies":[{"name":"wp","href":"https:\/\/api.w.org\/{rel}","templated":true}]}}