{"id":1591,"date":"2024-03-07T05:14:08","date_gmt":"2024-03-07T05:14:08","guid":{"rendered":"https:\/\/innovateculturalhub.com\/?page_id=1591"},"modified":"2025-01-30T05:34:23","modified_gmt":"2025-01-30T05:34:23","slug":"developpement-des-affaires-et-strategie","status":"publish","type":"page","link":"https:\/\/innovateculturalhub.com\/?page_id=1591","title":{"rendered":"D\u00e9veloppement en Am\u00e9rique du Nord et en Europe de l&#8217;Ouest"},"content":{"rendered":"\t\t<div data-elementor-type=\"wp-page\" data-elementor-id=\"1591\" class=\"elementor elementor-1591\">\n\t\t\t\t<div class=\"elementor-element elementor-element-9a30e6b e-flex e-con-boxed e-con e-parent\" data-id=\"9a30e6b\" data-element_type=\"container\" data-e-type=\"container\">\n\t\t\t\t\t<div class=\"e-con-inner\">\n\t\t\t\t<div class=\"elementor-element elementor-element-c37bcf0 elementor-widget__width-initial elementor-widget-tablet_extra__width-initial elementor-widget-mobile_extra__width-initial elementor-widget-mobile__width-initial elementor-widget elementor-widget-text-editor\" data-id=\"c37bcf0\" data-element_type=\"widget\" data-e-type=\"widget\" data-widget_type=\"text-editor.default\">\n\t\t\t\t<div class=\"elementor-widget-container\">\n\t\t\t\t\t\t\t\t\t<p><strong>Conception d&#8217;\u00c9cosyst\u00e8mes Personnalis\u00e9s<\/strong><\/p><ul><li><p>Strat\u00e9gies adaptatives pour les organisations et les individus<\/p><\/li><li><p>Solutions sur mesure reliant les paysages culturels et technologiques<\/p><\/li><li><p>Approche globale pour l&#8217;identification des opportunit\u00e9s<\/p><\/li><\/ul><p><strong>Strat\u00e9gies d&#8217;Innovation Interculturelle<\/strong><\/p><ul><li><p>D\u00e9veloppement de m\u00e9thodologies flexibles et sensibles au contexte<\/p><\/li><li><p>Promotion de la transformation num\u00e9rique inclusive<\/p><\/li><\/ul>\t\t\t\t\t\t\t\t<\/div>\n\t\t\t\t<\/div>\n\t\t\t\t\t<\/div>\n\t\t\t\t<\/div>\n\t\t<div class=\"elementor-element elementor-element-41ca5dd7 e-con-full e-flex e-con e-parent\" data-id=\"41ca5dd7\" data-element_type=\"container\" data-e-type=\"container\">\n\t\t\t\t<div class=\"elementor-element elementor-element-5072b7f1 elementor-widget elementor-widget-n-accordion\" data-id=\"5072b7f1\" data-element_type=\"widget\" data-e-type=\"widget\" data-settings=\"{&quot;default_state&quot;:&quot;all_collapsed&quot;,&quot;max_items_expended&quot;:&quot;one&quot;,&quot;n_accordion_animation_duration&quot;:{&quot;unit&quot;:&quot;ms&quot;,&quot;size&quot;:400,&quot;sizes&quot;:[]}}\" data-widget_type=\"nested-accordion.default\">\n\t\t\t\t<div class=\"elementor-widget-container\">\n\t\t\t\t\t\t\t<div class=\"e-n-accordion\" aria-label=\"Accordion. Open links with Enter or Space, close with Escape, and navigate with Arrow Keys\">\n\t\t\t\t\t\t<details id=\"e-n-accordion-item-1340\" class=\"e-n-accordion-item\" >\n\t\t\t\t<summary class=\"e-n-accordion-item-title\" data-accordion-index=\"1\" tabindex=\"0\" aria-expanded=\"false\" aria-controls=\"e-n-accordion-item-1340\" >\n\t\t\t\t\t<span class='e-n-accordion-item-title-header'><div class=\"e-n-accordion-item-title-text\"> Quelles sont les principales diff\u00e9rences entre la conception d'\u00e9cosyst\u00e8mes personnalis\u00e9s et les strat\u00e9gies d'innovation interculturelle ? <\/div><\/span>\n\t\t\t\t\t\t\t<span class='e-n-accordion-item-title-icon'>\n\t\t\t<span class='e-opened' ><svg aria-hidden=\"true\" class=\"e-font-icon-svg e-fas-minus\" viewBox=\"0 0 448 512\" xmlns=\"http:\/\/www.w3.org\/2000\/svg\"><path d=\"M416 208H32c-17.67 0-32 14.33-32 32v32c0 17.67 14.33 32 32 32h384c17.67 0 32-14.33 32-32v-32c0-17.67-14.33-32-32-32z\"><\/path><\/svg><\/span>\n\t\t\t<span class='e-closed'><svg aria-hidden=\"true\" class=\"e-font-icon-svg e-fas-plus\" viewBox=\"0 0 448 512\" xmlns=\"http:\/\/www.w3.org\/2000\/svg\"><path d=\"M416 208H272V64c0-17.67-14.33-32-32-32h-32c-17.67 0-32 14.33-32 32v144H32c-17.67 0-32 14.33-32 32v32c0 17.67 14.33 32 32 32h144v144c0 17.67 14.33 32 32 32h32c17.67 0 32-14.33 32-32V304h144c17.67 0 32-14.33 32-32v-32c0-17.67-14.33-32-32-32z\"><\/path><\/svg><\/span>\n\t\t<\/span>\n\n\t\t\t\t\t\t<\/summary>\n\t\t\t\t<div role=\"region\" aria-labelledby=\"e-n-accordion-item-1340\" class=\"elementor-element elementor-element-1f1bd450 e-con-full e-flex e-con e-child\" data-id=\"1f1bd450\" data-element_type=\"container\" data-e-type=\"container\">\n\t\t\t\t<div class=\"elementor-element elementor-element-3a166b7 elementor-widget elementor-widget-text-editor\" data-id=\"3a166b7\" data-element_type=\"widget\" data-e-type=\"widget\" data-widget_type=\"text-editor.default\">\n\t\t\t\t<div class=\"elementor-widget-container\">\n\t\t\t\t\t\t\t\t\t<p>Conception d&#8217;\u00c9cosyst\u00e8mes Personnalis\u00e9s<\/p><ul><li><p>Ce que cela fait : Cr\u00e9e des cadres strat\u00e9giques sur mesure<\/p><\/li><li><p>Focus : L&#8217;ensemble de la structure organisationnelle et de la strat\u00e9gie<\/p><\/li><li><p>Approche : Conception de solutions compl\u00e8tes, de bout en bout<\/p><\/li><li><p>Objectif : Construire un \u00e9cosyst\u00e8me organisationnel complet et adaptable<\/p><\/li><\/ul><p>Strat\u00e9gies d&#8217;Innovation Interculturelle<\/p><ul><li><p>Ce que cela fait : D\u00e9veloppe des approches d&#8217;innovation au-del\u00e0 des fronti\u00e8res culturelles<\/p><\/li><li><p>Focus : Int\u00e9gration des connaissances culturelles et adaptation technologique<\/p><\/li><li><p>Approche : M\u00e9thodologies sp\u00e9cifiques pour l&#8217;innovation interculturelle<\/p><\/li><li><p>Objectif : Permettre une innovation efficace dans diff\u00e9rents contextes culturels<\/p><\/li><\/ul><p>\u2248 Analogie simple<\/p><ul><li><p>Conception d&#8217;\u00c9cosyst\u00e8mes Personnalis\u00e9s = Construire toute la maison<\/p><\/li><li><p>Strat\u00e9gies d&#8217;Innovation Interculturelle = Concevoir des chambres sp\u00e9cifiques pour s&#8217;adapter aux pr\u00e9f\u00e9rences culturelles<\/p><\/li><\/ul><p>\u2260 Diff\u00e9rence pratique<\/p><ul><li><p>Conception d&#8217;\u00c9cosyst\u00e8mes : Niveau macro, transformation organisationnelle totale<\/p><\/li><li><p>Strat\u00e9gies d&#8217;Innovation : Niveau micro, ax\u00e9 sur les processus d&#8217;innovation et la traduction culturelle<\/p><\/li><\/ul><p>=&gt; Quand l&#8217;utiliser<\/p><ul><li><p>Conception d&#8217;\u00c9cosyst\u00e8mes : Restructuration organisationnelle majeure<\/p><\/li><li><p>Strat\u00e9gies d&#8217;Innovation : D\u00e9fis sp\u00e9cifiques d&#8217;innovation dans des environnements multiculturels<\/p><\/li><\/ul>\t\t\t\t\t\t\t\t<\/div>\n\t\t\t\t<\/div>\n\t\t\t\t<\/div>\n\t\t\t\t\t<\/details>\n\t\t\t\t\t\t<details id=\"e-n-accordion-item-1341\" class=\"e-n-accordion-item\" >\n\t\t\t\t<summary class=\"e-n-accordion-item-title\" data-accordion-index=\"2\" tabindex=\"-1\" aria-expanded=\"false\" aria-controls=\"e-n-accordion-item-1341\" >\n\t\t\t\t\t<span class='e-n-accordion-item-title-header'><div class=\"e-n-accordion-item-title-text\"> Tarification <\/div><\/span>\n\t\t\t\t\t\t\t<span class='e-n-accordion-item-title-icon'>\n\t\t\t<span class='e-opened' ><svg aria-hidden=\"true\" class=\"e-font-icon-svg e-fas-minus\" viewBox=\"0 0 448 512\" xmlns=\"http:\/\/www.w3.org\/2000\/svg\"><path d=\"M416 208H32c-17.67 0-32 14.33-32 32v32c0 17.67 14.33 32 32 32h384c17.67 0 32-14.33 32-32v-32c0-17.67-14.33-32-32-32z\"><\/path><\/svg><\/span>\n\t\t\t<span class='e-closed'><svg aria-hidden=\"true\" class=\"e-font-icon-svg e-fas-plus\" viewBox=\"0 0 448 512\" xmlns=\"http:\/\/www.w3.org\/2000\/svg\"><path d=\"M416 208H272V64c0-17.67-14.33-32-32-32h-32c-17.67 0-32 14.33-32 32v144H32c-17.67 0-32 14.33-32 32v32c0 17.67 14.33 32 32 32h144v144c0 17.67 14.33 32 32 32h32c17.67 0 32-14.33 32-32V304h144c17.67 0 32-14.33 32-32v-32c0-17.67-14.33-32-32-32z\"><\/path><\/svg><\/span>\n\t\t<\/span>\n\n\t\t\t\t\t\t<\/summary>\n\t\t\t\t<div role=\"region\" aria-labelledby=\"e-n-accordion-item-1341\" class=\"elementor-element elementor-element-5bebbbb6 e-con-full e-flex e-con e-child\" data-id=\"5bebbbb6\" data-element_type=\"container\" data-e-type=\"container\">\n\t\t\t\t<div class=\"elementor-element elementor-element-35f48c4a elementor-widget elementor-widget-text-editor\" data-id=\"35f48c4a\" data-element_type=\"widget\" data-e-type=\"widget\" data-widget_type=\"text-editor.default\">\n\t\t\t\t<div class=\"elementor-widget-container\">\n\t\t\t\t\t\t\t\t\t<p>\u00a0\u2709\ufe0f\u00a0 Les prix sont ajust\u00e9s en fonction des besoins sp\u00e9cifiques de chaque cas. Pour les entreprises, veuillez nous contacter pour plus d&#8217;informations sur nos options de soutien.<\/p>\t\t\t\t\t\t\t\t<\/div>\n\t\t\t\t<\/div>\n\t\t\t\t<\/div>\n\t\t\t\t\t<\/details>\n\t\t\t\t\t<\/div>\n\t\t\t\t\t\t<\/div>\n\t\t\t\t<\/div>\n\t\t\t\t<\/div>\n\t\t\t\t<\/div>\n\t\t","protected":false},"excerpt":{"rendered":"<p>Conception d&#8217;\u00c9cosyst\u00e8mes Personnalis\u00e9s Strat\u00e9gies adaptatives pour les organisations et les individus Solutions sur mesure reliant les paysages culturels et technologiques Approche globale pour l&#8217;identification des opportunit\u00e9s Strat\u00e9gies d&#8217;Innovation Interculturelle D\u00e9veloppement de m\u00e9thodologies flexibles et sensibles au contexte Promotion de la transformation num\u00e9rique inclusive Quelles sont les principales diff\u00e9rences entre la conception d&#8217;\u00e9cosyst\u00e8mes personnalis\u00e9s et les&#8230;<\/p>\n","protected":false},"author":1,"featured_media":0,"parent":0,"menu_order":0,"comment_status":"closed","ping_status":"closed","template":"","meta":{"footnotes":""},"class_list":["post-1591","page","type-page","status-publish","hentry"],"_links":{"self":[{"href":"https:\/\/innovateculturalhub.com\/index.php?rest_route=\/wp\/v2\/pages\/1591","targetHints":{"allow":["GET"]}}],"collection":[{"href":"https:\/\/innovateculturalhub.com\/index.php?rest_route=\/wp\/v2\/pages"}],"about":[{"href":"https:\/\/innovateculturalhub.com\/index.php?rest_route=\/wp\/v2\/types\/page"}],"author":[{"embeddable":true,"href":"https:\/\/innovateculturalhub.com\/index.php?rest_route=\/wp\/v2\/users\/1"}],"replies":[{"embeddable":true,"href":"https:\/\/innovateculturalhub.com\/index.php?rest_route=%2Fwp%2Fv2%2Fcomments&post=1591"}],"version-history":[{"count":130,"href":"https:\/\/innovateculturalhub.com\/index.php?rest_route=\/wp\/v2\/pages\/1591\/revisions"}],"predecessor-version":[{"id":4432,"href":"https:\/\/innovateculturalhub.com\/index.php?rest_route=\/wp\/v2\/pages\/1591\/revisions\/4432"}],"wp:attachment":[{"href":"https:\/\/innovateculturalhub.com\/index.php?rest_route=%2Fwp%2Fv2%2Fmedia&parent=1591"}],"curies":[{"name":"wp","href":"https:\/\/api.w.org\/{rel}","templated":true}]}}