{"id":2,"date":"2023-05-19T00:54:19","date_gmt":"2023-05-19T00:54:19","guid":{"rendered":"https:\/\/innovateculturalhub.com\/?page_id=2"},"modified":"2025-01-22T23:49:49","modified_gmt":"2025-01-22T23:49:49","slug":"inicio","status":"publish","type":"page","link":"https:\/\/innovateculturalhub.com\/?page_id=2","title":{"rendered":"Inicio"},"content":{"rendered":"\t\t<div data-elementor-type=\"wp-page\" data-elementor-id=\"2\" class=\"elementor elementor-2\">\n\t\t\t\t<div class=\"elementor-element elementor-element-bd3b5bf e-con-full e-flex e-con e-parent\" data-id=\"bd3b5bf\" data-element_type=\"container\" data-e-type=\"container\">\n\t\t\t\t<div class=\"elementor-element elementor-element-9d5fb5e elementor-widget elementor-widget-text-editor\" data-id=\"9d5fb5e\" data-element_type=\"widget\" data-e-type=\"widget\" data-widget_type=\"text-editor.default\">\n\t\t\t\t<div class=\"elementor-widget-container\">\n\t\t\t\t\t\t\t\t\t<p>MISI\u00d3N<br \/>Dise\u00f1ar soluciones personalizadas con un impacto beneficioso, sostenible y \u00e9tico en la sociedad y el medio ambiente.<\/p><p>VISI\u00d3N<br \/>Ser un socio confiable a largo plazo.<\/p><p>PROP\u00d3SITO<br \/>Crear sistemas adaptativos y resilientes que fomenten conexiones significativas y\u00a0 oportunidades inclusivas.<\/p>\t\t\t\t\t\t\t\t<\/div>\n\t\t\t\t<\/div>\n\t\t\t\t<\/div>\n\t\t\t\t<\/div>\n\t\t","protected":false},"excerpt":{"rendered":"<p>MISI\u00d3NDise\u00f1ar soluciones personalizadas con un impacto beneficioso, sostenible y \u00e9tico en la sociedad y el medio ambiente. VISI\u00d3NSer un socio confiable a largo plazo. PROP\u00d3SITOCrear sistemas adaptativos y resilientes que fomenten conexiones significativas y\u00a0 oportunidades inclusivas.<\/p>\n","protected":false},"author":1,"featured_media":0,"parent":0,"menu_order":0,"comment_status":"closed","ping_status":"closed","template":"","meta":{"footnotes":""},"class_list":["post-2","page","type-page","status-publish","hentry"],"_links":{"self":[{"href":"https:\/\/innovateculturalhub.com\/index.php?rest_route=\/wp\/v2\/pages\/2","targetHints":{"allow":["GET"]}}],"collection":[{"href":"https:\/\/innovateculturalhub.com\/index.php?rest_route=\/wp\/v2\/pages"}],"about":[{"href":"https:\/\/innovateculturalhub.com\/index.php?rest_route=\/wp\/v2\/types\/page"}],"author":[{"embeddable":true,"href":"https:\/\/innovateculturalhub.com\/index.php?rest_route=\/wp\/v2\/users\/1"}],"replies":[{"embeddable":true,"href":"https:\/\/innovateculturalhub.com\/index.php?rest_route=%2Fwp%2Fv2%2Fcomments&post=2"}],"version-history":[{"count":218,"href":"https:\/\/innovateculturalhub.com\/index.php?rest_route=\/wp\/v2\/pages\/2\/revisions"}],"predecessor-version":[{"id":4369,"href":"https:\/\/innovateculturalhub.com\/index.php?rest_route=\/wp\/v2\/pages\/2\/revisions\/4369"}],"wp:attachment":[{"href":"https:\/\/innovateculturalhub.com\/index.php?rest_route=%2Fwp%2Fv2%2Fmedia&parent=2"}],"curies":[{"name":"wp","href":"https:\/\/api.w.org\/{rel}","templated":true}]}}