{"id":2006,"date":"2024-03-14T19:32:42","date_gmt":"2024-03-14T19:32:42","guid":{"rendered":"https:\/\/innovateculturalhub.com\/?page_id=2006"},"modified":"2025-01-21T06:36:32","modified_gmt":"2025-01-21T06:36:32","slug":"valores","status":"publish","type":"page","link":"https:\/\/innovateculturalhub.com\/?page_id=2006","title":{"rendered":"Valores"},"content":{"rendered":"\t\t<div data-elementor-type=\"wp-page\" data-elementor-id=\"2006\" class=\"elementor elementor-2006\">\n\t\t\t\t<div class=\"elementor-element elementor-element-dafe6b4 e-con-full e-flex e-con e-parent\" data-id=\"dafe6b4\" data-element_type=\"container\" data-e-type=\"container\">\n\t\t\t\t<div class=\"elementor-element elementor-element-eae0bbc elementor-widget__width-initial elementor-widget elementor-widget-text-editor\" data-id=\"eae0bbc\" data-element_type=\"widget\" data-e-type=\"widget\" data-widget_type=\"text-editor.default\">\n\t\t\t\t<div class=\"elementor-widget-container\">\n\t\t\t\t\t\t\t\t\t<ul><li><p>Conciencia \u00e9tica<\/p><\/li><li><p>Innovaci\u00f3n inclusiva<\/p><\/li><li><p>Aprendizaje transformador<\/p><\/li><li><p>Armon\u00eda sostenible<\/p><\/li><li><p>Resiliencia participativa<\/p><\/li><\/ul>\t\t\t\t\t\t\t\t<\/div>\n\t\t\t\t<\/div>\n\t\t\t\t<\/div>\n\t\t\t\t<\/div>\n\t\t","protected":false},"excerpt":{"rendered":"<p>Conciencia \u00e9tica Innovaci\u00f3n inclusiva Aprendizaje transformador Armon\u00eda sostenible Resiliencia participativa<\/p>\n","protected":false},"author":1,"featured_media":0,"parent":0,"menu_order":0,"comment_status":"closed","ping_status":"closed","template":"","meta":{"footnotes":""},"class_list":["post-2006","page","type-page","status-publish","hentry"],"_links":{"self":[{"href":"https:\/\/innovateculturalhub.com\/index.php?rest_route=\/wp\/v2\/pages\/2006","targetHints":{"allow":["GET"]}}],"collection":[{"href":"https:\/\/innovateculturalhub.com\/index.php?rest_route=\/wp\/v2\/pages"}],"about":[{"href":"https:\/\/innovateculturalhub.com\/index.php?rest_route=\/wp\/v2\/types\/page"}],"author":[{"embeddable":true,"href":"https:\/\/innovateculturalhub.com\/index.php?rest_route=\/wp\/v2\/users\/1"}],"replies":[{"embeddable":true,"href":"https:\/\/innovateculturalhub.com\/index.php?rest_route=%2Fwp%2Fv2%2Fcomments&post=2006"}],"version-history":[{"count":73,"href":"https:\/\/innovateculturalhub.com\/index.php?rest_route=\/wp\/v2\/pages\/2006\/revisions"}],"predecessor-version":[{"id":3999,"href":"https:\/\/innovateculturalhub.com\/index.php?rest_route=\/wp\/v2\/pages\/2006\/revisions\/3999"}],"wp:attachment":[{"href":"https:\/\/innovateculturalhub.com\/index.php?rest_route=%2Fwp%2Fv2%2Fmedia&parent=2006"}],"curies":[{"name":"wp","href":"https:\/\/api.w.org\/{rel}","templated":true}]}}