{"id":3,"date":"2023-05-19T10:41:14","date_gmt":"2023-05-19T10:41:14","guid":{"rendered":"https:\/\/innovateculturalhub.com\/?page_id=3"},"modified":"2024-03-07T05:01:34","modified_gmt":"2024-03-07T05:01:34","slug":"aviso-legal-privacidad-cookies-y-proteccion-de-datos","status":"publish","type":"page","link":"https:\/\/innovateculturalhub.com\/?page_id=3","title":{"rendered":"Aviso legal, privacidad, cookies y protecci\u00f3n de datos"},"content":{"rendered":"\n<h2 class=\"wp-block-heading has-text-align-center\">Qui\u00e9nes somos<\/h2>\n\n\n\n<p class=\"has-text-align-center\">Nuestra direcci\u00f3n web es: https:\/\/innovateculturalhub.com<\/p>\n\n\n\n<h2 class=\"wp-block-heading has-text-align-center\">Impressum<\/h2>\n\n\n\n<p class=\"has-text-align-center\">Estamos cambiando nuestra direcci\u00f3n. Volveremos pronto con los detalles actualizados. Gracias por su comprensi\u00f3n!<\/p>\n\n\n\n<h2 class=\"wp-block-heading has-text-align-center\">Privacidad<\/h2>\n\n\n\n<p class=\"has-text-align-center\">Nos comprometemos a proteger tu privacidad y tus datos personales. La informaci\u00f3n que recopilamos se limita a tu direcci\u00f3n de correo electr\u00f3nico, la cual utilizamos \u00fanicamente para enviar la informaci\u00f3n que nos solicites y para comunicarnos contigo. No compartiremos tu informaci\u00f3n con terceros sin tu consentimiento previo.<\/p>\n\n\n\n<h2 class=\"wp-block-heading has-text-align-center\">Cookies<\/h2>\n\n\n\n<p class=\"has-text-align-center\">Al utilizar este web, se pueden utilizar cookies para mejorar tu experiencia de navegaci\u00f3n y analizar el tr\u00e1fico del sitio. Estas cookies son proporcionadas por WordPress y se utilizan para fines t\u00e9cnicos y anal\u00edticos. No utilizamos cookies publicitarias.<\/p>\n\n\n\n<p class=\"has-text-align-center\">Recuerda que, al utilizar WordPress y contenido integrado de otros sitios web, tambi\u00e9n est\u00e1s sujeto a las pol\u00edticas de privacidad y cookies de WordPress y terceros. Te recomendamos revisar esas pol\u00edticas adicionales para obtener m\u00e1s informaci\u00f3n sobre c\u00f3mo se gestionan los datos y las cookies en relaci\u00f3n con la plataforma utilizada.<\/p>\n\n\n\n<h2 class=\"wp-block-heading has-text-align-center\">Pol\u00edtica de protecci\u00f3n de datos<\/h2>\n\n\n\n<p class=\"has-text-align-center\">En esta empresa, opera en USA pero con un alcance internacional, nos comprometemos a proteger tus datos personales de acuerdo con las leyes de protecci\u00f3n de datos aplicables. La informaci\u00f3n que recopilamos se limita a tu direcci\u00f3n de correo electr\u00f3nico, la cual utilizamos exclusivamente para enviar la informaci\u00f3n solicitada y mantener comunicaci\u00f3n contigo. No compartiremos tus datos con terceros sin tu consentimiento previo, y tomaremos las medidas necesarias para garantizar la seguridad de la informaci\u00f3n que nos proporcionas.<\/p>\n\n\n\n<p class=\"has-text-align-center\">Ten en cuenta que, al utilizar esa  p\u00e1gina, est\u00e1s aceptando nuestra pol\u00edtica de protecci\u00f3n de datos. Te recomendamos revisar esta pol\u00edtica para comprender c\u00f3mo gestionamos y protegemos tus datos personales. Si tienes alguna inquietud adicional sobre la protecci\u00f3n de tus datos, te invitamos a ponerse en contacto con nosotros a trav\u00e9s de la direcci\u00f3n de correo electr\u00f3nico proporcionada en el sitio.<\/p>\n\n\n\n<h2 class=\"wp-block-heading has-text-align-center\">Referencias<\/h2>\n\n\n\n<p>Para la creaci\u00f3n de nuestro contenido, empleamos fuentes autorizadas que est\u00e1n disponibles para su uso mediante suscripciones pagadas, como Canvas, Pixabay y Pexel. Si en alg\u00fan momento crees que no lo hemos hecho, por favor, no dudes en ponerte en contacto con nosotros. Estamos plenamente conscientes de los derechos de autor y nos esforzamos por cumplir con todas las normativas correspondientes. Tu satisfacci\u00f3n y confianza son nuestra prioridad.<\/p>\n","protected":false},"excerpt":{"rendered":"<p>Qui\u00e9nes somos Nuestra direcci\u00f3n web es: https:\/\/innovateculturalhub.com Impressum Estamos cambiando nuestra direcci\u00f3n. Volveremos pronto con los detalles actualizados. Gracias por su comprensi\u00f3n! Privacidad Nos comprometemos a proteger tu privacidad y tus datos personales. La informaci\u00f3n que recopilamos se limita a tu direcci\u00f3n de correo electr\u00f3nico, la cual utilizamos \u00fanicamente para enviar la informaci\u00f3n que nos&#8230;<\/p>\n","protected":false},"author":1,"featured_media":0,"parent":0,"menu_order":0,"comment_status":"closed","ping_status":"closed","template":"","meta":{"footnotes":""},"class_list":["post-3","page","type-page","status-publish","hentry"],"_links":{"self":[{"href":"https:\/\/innovateculturalhub.com\/index.php?rest_route=\/wp\/v2\/pages\/3","targetHints":{"allow":["GET"]}}],"collection":[{"href":"https:\/\/innovateculturalhub.com\/index.php?rest_route=\/wp\/v2\/pages"}],"about":[{"href":"https:\/\/innovateculturalhub.com\/index.php?rest_route=\/wp\/v2\/types\/page"}],"author":[{"embeddable":true,"href":"https:\/\/innovateculturalhub.com\/index.php?rest_route=\/wp\/v2\/users\/1"}],"replies":[{"embeddable":true,"href":"https:\/\/innovateculturalhub.com\/index.php?rest_route=%2Fwp%2Fv2%2Fcomments&post=3"}],"version-history":[{"count":13,"href":"https:\/\/innovateculturalhub.com\/index.php?rest_route=\/wp\/v2\/pages\/3\/revisions"}],"predecessor-version":[{"id":1523,"href":"https:\/\/innovateculturalhub.com\/index.php?rest_route=\/wp\/v2\/pages\/3\/revisions\/1523"}],"wp:attachment":[{"href":"https:\/\/innovateculturalhub.com\/index.php?rest_route=%2Fwp%2Fv2%2Fmedia&parent=3"}],"curies":[{"name":"wp","href":"https:\/\/api.w.org\/{rel}","templated":true}]}}