{"id":403,"date":"2023-10-30T10:10:46","date_gmt":"2023-10-30T10:10:46","guid":{"rendered":"https:\/\/innovateculturalhub.com\/?page_id=403"},"modified":"2024-03-08T07:35:38","modified_gmt":"2024-03-08T07:35:38","slug":"impressum-datenschutz-und-cookies","status":"publish","type":"page","link":"https:\/\/innovateculturalhub.com\/?page_id=403","title":{"rendered":"Impressum, Datenschutz und Cookies"},"content":{"rendered":"\n<h2 class=\"wp-block-heading has-text-align-center\">\u00dcber uns <\/h2>\n\n\n\n<p class=\"has-text-align-center\">Unsere Webadresse lautet: <a href=\"https:\/\/innovateculturalhub.com\/\">https:\/\/innovateculturalhub.com<\/a><\/p>\n\n\n\n<h2 class=\"wp-block-heading has-text-align-center\">Impressum <\/h2>\n\n\n\n<p class=\"has-text-align-center\">Wir \u00e4ndern unsere Adresse. Wir werden bald mit den aktualisierten Details zur\u00fcck sein. Vielen Dank f\u00fcr Ihr Verst\u00e4ndnis.<\/p>\n\n\n\n<h2 class=\"wp-block-heading has-text-align-center\">Datenschutz<\/h2>\n\n\n\n<p class=\"has-text-align-center\"> In dieser Webseite, der auf der WordPress-Plattform betrieben wird, verpflichten wir uns, Ihre Privatsph\u00e4re und pers\u00f6nlichen Daten zu sch\u00fctzen. Die von uns gesammelten Informationen beschr\u00e4nken sich auf Ihre E-Mail-Adresse, die wir ausschlie\u00dflich verwenden, um die von Ihnen angeforderten Informationen zu senden und mit Ihnen zu kommunizieren. Wir werden Ihre Informationen ohne Ihre vorherige Zustimmung nicht an Dritte weitergeben.<\/p>\n\n\n\n<h2 class=\"wp-block-heading has-text-align-center\">Cookies <\/h2>\n\n\n\n<p class=\"has-text-align-center\">Beim Besuch dieser Webseite k\u00f6nnen Cookies verwendet werden, um Ihre Browsererfahrung zu verbessern und den Website-Traffic zu analysieren. Diese Cookies werden von WordPress bereitgestellt und dienen technischen und analytischen Zwecken. Auf dieser Webseite verwenden wir keine Werbe-Cookies.<\/p>\n\n\n\n<p class=\"has-text-align-center\">Bitte beachten Sie, dass Sie bei der Verwendung von WordPress und eingebetteten Inhalten von anderen Websites auch den Datenschutz- und Cookie-Richtlinien von WordPress und Dritten unterliegen. Wir empfehlen Ihnen, diese zus\u00e4tzlichen Richtlinien zu \u00fcberpr\u00fcfen, um weitere Informationen dar\u00fcber zu erhalten, wie Daten und Cookies in Bezug auf die verwendete Plattform verwaltet werden.<\/p>\n\n\n\n<h2 class=\"wp-block-heading has-text-align-center\">Datenschutzrichtlinie<\/h2>\n\n\n\n<p class=\"has-text-align-center\"> In dieser Webseite, der in Vereinigte Staaten betrieben wird, jedoch internationalen Einfluss hat, verpflichten wir uns, Ihre pers\u00f6nlichen Daten gem\u00e4\u00df den geltenden Datenschutzgesetzen zu sch\u00fctzen. Die von uns gesammelten Informationen beschr\u00e4nken sich auf Ihre E-Mail-Adresse, die wir ausschlie\u00dflich verwenden, um die angeforderten Informationen zu senden und mit Ihnen zu kommunizieren. Wir werden Ihre Daten ohne Ihre vorherige Zustimmung nicht an Dritte weitergeben und die erforderlichen Ma\u00dfnahmen ergreifen, um die Sicherheit der von Ihnen bereitgestellten Informationen zu gew\u00e4hrleisten.<\/p>\n\n\n\n<p class=\"has-text-align-center\">Bitte beachten Sie, dass Sie durch die Nutzung dieser Webseite unsere Datenschutzrichtlinie akzeptieren. Wir empfehlen Ihnen, diese Richtlinie zu \u00fcberpr\u00fcfen, um zu verstehen, wie wir Ihre pers\u00f6nlichen Daten verwalten und sch\u00fctzen. Wenn Sie zus\u00e4tzliche Bedenken hinsichtlich des Schutzes Ihrer Daten haben, laden wir Sie ein, sich \u00fcber die auf der Website bereitgestellte E-Mail-Adresse mit uns in Verbindung zu setzen.<\/p>\n\n\n\n<h2 class=\"wp-block-heading has-text-align-center\">Referenzen<\/h2>\n\n\n\n<p class=\"has-text-align-center\">F\u00fcr die Erstellung unserer Inhalte verwenden wir autorisierte Quellen, die \u00fcber kostenpflichtige Abonnements verf\u00fcgbar sind, wie Canvas und Pixabay. Wir stellen immer sicher, dem Autor die angemessene Anerkennung zukommen zu lassen, wenn dies erforderlich ist. Wenn Sie zu irgendeinem Zeitpunkt der Meinung sind, dass wir dies vers\u00e4umt haben, z\u00f6gern Sie bitte nicht, sich an uns zu wenden. Wir sind uns der Urheberrechtsbestimmungen vollst\u00e4ndig bewusst und bem\u00fchen uns, alle relevanten Regeln einzuhalten. Ihre Zufriedenheit und Ihr Vertrauen haben f\u00fcr uns oberste Priorit\u00e4t.<\/p>\n\n\n\n<p><\/p>\n","protected":false},"excerpt":{"rendered":"<p>\u00dcber uns Unsere Webadresse lautet: https:\/\/innovateculturalhub.com Impressum Wir \u00e4ndern unsere Adresse. Wir werden bald mit den aktualisierten Details zur\u00fcck sein. Vielen Dank f\u00fcr Ihr Verst\u00e4ndnis. Datenschutz In dieser Webseite, der auf der WordPress-Plattform betrieben wird, verpflichten wir uns, Ihre Privatsph\u00e4re und pers\u00f6nlichen Daten zu sch\u00fctzen. Die von uns gesammelten Informationen beschr\u00e4nken sich auf Ihre E-Mail-Adresse,&#8230;<\/p>\n","protected":false},"author":1,"featured_media":0,"parent":0,"menu_order":0,"comment_status":"closed","ping_status":"closed","template":"","meta":{"footnotes":""},"class_list":["post-403","page","type-page","status-publish","hentry"],"_links":{"self":[{"href":"https:\/\/innovateculturalhub.com\/index.php?rest_route=\/wp\/v2\/pages\/403","targetHints":{"allow":["GET"]}}],"collection":[{"href":"https:\/\/innovateculturalhub.com\/index.php?rest_route=\/wp\/v2\/pages"}],"about":[{"href":"https:\/\/innovateculturalhub.com\/index.php?rest_route=\/wp\/v2\/types\/page"}],"author":[{"embeddable":true,"href":"https:\/\/innovateculturalhub.com\/index.php?rest_route=\/wp\/v2\/users\/1"}],"replies":[{"embeddable":true,"href":"https:\/\/innovateculturalhub.com\/index.php?rest_route=%2Fwp%2Fv2%2Fcomments&post=403"}],"version-history":[{"count":22,"href":"https:\/\/innovateculturalhub.com\/index.php?rest_route=\/wp\/v2\/pages\/403\/revisions"}],"predecessor-version":[{"id":1753,"href":"https:\/\/innovateculturalhub.com\/index.php?rest_route=\/wp\/v2\/pages\/403\/revisions\/1753"}],"wp:attachment":[{"href":"https:\/\/innovateculturalhub.com\/index.php?rest_route=%2Fwp%2Fv2%2Fmedia&parent=403"}],"curies":[{"name":"wp","href":"https:\/\/api.w.org\/{rel}","templated":true}]}}